
{"id":4163,"date":"2022-05-09T13:04:02","date_gmt":"2022-05-09T13:04:02","guid":{"rendered":"https:\/\/weassemble.team\/?page_id=4163"},"modified":"2022-12-21T13:18:12","modified_gmt":"2022-12-21T13:18:12","slug":"blogg","status":"publish","type":"page","link":"https:\/\/weassemble.team\/sv\/blogg\/","title":{"rendered":"Blogg"},"content":{"rendered":"<p>[vc_row full_width=&#8221;stretch_row&#8221; css_animation=&#8221;fadeIn&#8221; css=&#8221;.vc_custom_1655990022437{background-color: #efd585 !important;}&#8221; el_class=&#8221;blog_header&#8221;][vc_column][vc_custom_heading text=&#8221;Blogg&#8221; font_container=&#8221;tag:h1|text_align:center&#8221; use_theme_fonts=&#8221;yes&#8221;][vc_column_text]Utforska v\u00e5r st\u00e4ndigt v\u00e4xande serie artiklar om de m\u00e5nga aspekterna av offshore-utveckling.[\/vc_column_text][\/vc_column][\/vc_row][vc_row css_animation=&#8221;none&#8221;][vc_column][vc_basic_grid post_type=&#8221;post&#8221; max_items=&#8221;10&#8243; style=&#8221;load-more&#8221; items_per_page=&#8221;8&#8243; element_width=&#8221;6&#8243; gap=&#8221;35&#8243; item=&#8221;5365&#8243; btn_title=&#8221;Show more&#8221; btn_align=&#8221;center&#8221; btn_i_align=&#8221;right&#8221; btn_i_icon_fontawesome=&#8221;fas fa-angle-down&#8221; btn_add_icon=&#8221;true&#8221; grid_id=&#8221;vc_gid:1671628652893-430d0203-e133-7&#8243; el_class=&#8221;blog-post-row&#8221; btn_el_id=&#8221;show-more-btn&#8221;][\/vc_column][\/vc_row]<\/p>\n","protected":false},"excerpt":{"rendered":"<p>[vc_row full_width=&#8221;stretch_row&#8221; css_animation=&#8221;fadeIn&#8221; css=&#8221;.vc_custom_1655990022437{background-color: #efd585 !important;}&#8221; el_class=&#8221;blog_header&#8221;][vc_column][vc_custom_heading text=&#8221;Blogg&#8221; font_container=&#8221;tag:h1|text_align:center&#8221; use_theme_fonts=&#8221;yes&#8221;][vc_column_text]Utforska v\u00e5r st\u00e4ndigt v\u00e4xande serie artiklar om de m\u00e5nga aspekterna av offshore-utveckling.[\/vc_column_text][\/vc_column][\/vc_row][vc_row css_animation=&#8221;none&#8221;][vc_column][vc_basic_grid post_type=&#8221;post&#8221; max_items=&#8221;10&#8243; style=&#8221;load-more&#8221; items_per_page=&#8221;8&#8243; element_width=&#8221;6&#8243; gap=&#8221;35&#8243; item=&#8221;5365&#8243; btn_title=&#8221;Show more&#8221; btn_align=&#8221;center&#8221; btn_i_align=&#8221;right&#8221; btn_i_icon_fontawesome=&#8221;fas fa-angle-down&#8221; btn_add_icon=&#8221;true&#8221; grid_id=&#8221;vc_gid:1671628652893-430d0203-e133-7&#8243; el_class=&#8221;blog-post-row&#8221; btn_el_id=&#8221;show-more-btn&#8221;][\/vc_column][\/vc_row] &#8230;<\/p>\n","protected":false},"author":2,"featured_media":0,"parent":0,"menu_order":0,"comment_status":"closed","ping_status":"closed","template":"","meta":{"inline_featured_image":false,"footnotes":""},"class_list":["post-4163","page","type-page","status-publish","hentry"],"rttpg_featured_image_url":null,"rttpg_author":{"display_name":"Hannah Taylor","author_link":"https:\/\/weassemble.team\/sv\/blog\/author\/jonathan-livingston\/"},"rttpg_comment":0,"rttpg_category":null,"rttpg_excerpt":"[vc_row full_width=&#8221;stretch_row&#8221; css_animation=&#8221;fadeIn&#8221; css=&#8221;.vc_custom_1655990022437{background-color: #efd585 !important;}&#8221; el_class=&#8221;blog_header&#8221;][vc_column][vc_custom_heading text=&#8221;Blogg&#8221; font_container=&#8221;tag:h1|text_align:center&#8221; use_theme_fonts=&#8221;yes&#8221;][vc_column_text]Utforska v\u00e5r st\u00e4ndigt v\u00e4xande serie artiklar om de m\u00e5nga aspekterna av offshore-utveckling.[\/vc_column_text][\/vc_column][\/vc_row][vc_row css_animation=&#8221;none&#8221;][vc_column][vc_basic_grid post_type=&#8221;post&#8221; max_items=&#8221;10&#8243; style=&#8221;load-more&#8221; items_per_page=&#8221;8&#8243; element_width=&#8221;6&#8243; gap=&#8221;35&#8243; item=&#8221;5365&#8243; btn_title=&#8221;Show more&#8221; btn_align=&#8221;center&#8221; btn_i_align=&#8221;right&#8221; btn_i_icon_fontawesome=&#8221;fas fa-angle-down&#8221; btn_add_icon=&#8221;true&#8221; grid_id=&#8221;vc_gid:1671628652893-430d0203-e133-7&#8243; el_class=&#8221;blog-post-row&#8221; btn_el_id=&#8221;show-more-btn&#8221;][\/vc_column][\/vc_row] ...","_links":{"self":[{"href":"https:\/\/weassemble.team\/sv\/wp-json\/wp\/v2\/pages\/4163","targetHints":{"allow":["GET"]}}],"collection":[{"href":"https:\/\/weassemble.team\/sv\/wp-json\/wp\/v2\/pages"}],"about":[{"href":"https:\/\/weassemble.team\/sv\/wp-json\/wp\/v2\/types\/page"}],"author":[{"embeddable":true,"href":"https:\/\/weassemble.team\/sv\/wp-json\/wp\/v2\/users\/2"}],"replies":[{"embeddable":true,"href":"https:\/\/weassemble.team\/sv\/wp-json\/wp\/v2\/comments?post=4163"}],"version-history":[{"count":5,"href":"https:\/\/weassemble.team\/sv\/wp-json\/wp\/v2\/pages\/4163\/revisions"}],"predecessor-version":[{"id":5450,"href":"https:\/\/weassemble.team\/sv\/wp-json\/wp\/v2\/pages\/4163\/revisions\/5450"}],"wp:attachment":[{"href":"https:\/\/weassemble.team\/sv\/wp-json\/wp\/v2\/media?parent=4163"}],"curies":[{"name":"wp","href":"https:\/\/api.w.org\/{rel}","templated":true}]}}