
{"id":3444,"date":"2022-05-09T13:04:02","date_gmt":"2022-05-09T13:04:02","guid":{"rendered":"https:\/\/weassemble.team\/?page_id=3444"},"modified":"2023-12-11T09:16:53","modified_gmt":"2023-12-11T09:16:53","slug":"contact-us","status":"publish","type":"page","link":"https:\/\/weassemble.team\/sv\/contact-us\/","title":{"rendered":"Kontakta Oss"},"content":{"rendered":"<p>[vc_row full_width=&#8221;stretch_row&#8221; css_animation=&#8221;fadeIn&#8221; css=&#8221;.vc_custom_1658129364225{background-color: #6eb1dc !important;background-position: center !important;background-repeat: no-repeat !important;background-size: cover !important;}&#8221; el_class=&#8221;blog_header services_header contact_header&#8221;][vc_column][vc_custom_heading text=&#8221;Kontakta Oss&#8221; font_container=&#8221;tag:h1|text_align:center&#8221; use_theme_fonts=&#8221;yes&#8221;][vc_column_text]<\/p>\n<p id=\"tw-target-text\" class=\"tw-data-text tw-text-large tw-ta\" dir=\"ltr\" data-placeholder=\"Translation\" data-ved=\"2ahUKEwisy4_8rIaDAxXsZmwGHYkfBlAQ3ewLegQIBRAQ\">Vi har satt ihop allt du beh\u00f6ver f\u00f6r att komma i kontakt med oss.<\/p>\n<p>[\/vc_column_text][\/vc_column][\/vc_row][vc_row css_animation=&#8221;fadeInUp&#8221; el_class=&#8221;featured-post-slider offshore-development contact-assemble&#8221;][vc_column width=&#8221;1\/2&#8243; el_class=&#8221;contact-green&#8221;][vc_custom_heading text=&#8221;L\u00e5t oss samlas<br \/>\nditt offshore-utvecklingsteam&#8221; use_theme_fonts=&#8221;yes&#8221; el_class=&#8221;section-title&#8221;][vc_column_text el_class=&#8221;home-text-block&#8221; css=&#8221;.vc_custom_1702286185516{padding-top: 11px !important;}&#8221; el_id=&#8221;sv-form-desc&#8221;]<\/p>\n<p id=\"tw-target-text\" class=\"tw-data-text tw-text-large tw-ta\" dir=\"ltr\" data-placeholder=\"Translation\" data-ved=\"2ahUKEwisy4_8rIaDAxXsZmwGHYkfBlAQ3ewLegQIBRAQ\"><span class=\"Y2IQFc\" lang=\"sv\">Fyll i formul\u00e4ret och ber\u00e4tta om ditt projekt. V\u00e5rt team kommer att kontakta oss inom 24 arbetstimmar.<\/span><\/p>\n<p>[\/vc_column_text][\/vc_column][vc_column width=&#8221;1\/2&#8243; el_class=&#8221;lets-talk-form contact&#8221;][vc_column_text]\n<div class=\"wpcf7 no-js\" id=\"wpcf7-f5057-o1\" lang=\"sv-SE\" dir=\"ltr\" data-wpcf7-id=\"5057\">\n<div class=\"screen-reader-response\"><p role=\"status\" aria-live=\"polite\" aria-atomic=\"true\"><\/p> <ul><\/ul><\/div>\n<form action=\"\/sv\/wp-json\/wp\/v2\/pages\/3444#wpcf7-f5057-o1\" method=\"post\" class=\"wpcf7-form init\" aria-label=\"Kontaktformul\u00e4r\" novalidate=\"novalidate\" data-status=\"init\">\n<fieldset class=\"hidden-fields-container\"><input type=\"hidden\" name=\"_wpcf7\" value=\"5057\" \/><input type=\"hidden\" name=\"_wpcf7_version\" value=\"6.1.4\" \/><input type=\"hidden\" name=\"_wpcf7_locale\" value=\"sv_SE\" \/><input type=\"hidden\" name=\"_wpcf7_unit_tag\" value=\"wpcf7-f5057-o1\" \/><input type=\"hidden\" name=\"_wpcf7_container_post\" value=\"0\" \/><input type=\"hidden\" name=\"_wpcf7_posted_data_hash\" value=\"\" \/><input type=\"hidden\" name=\"_wpcf7_recaptcha_response\" value=\"\" \/>\n<\/fieldset>\n<p><span class=\"wpcf7-form-control-wrap\" data-name=\"your-name\"><input size=\"40\" maxlength=\"400\" class=\"wpcf7-form-control wpcf7-text wpcf7-validates-as-required\" aria-required=\"true\" aria-invalid=\"false\" placeholder=\"Namn*\" value=\"\" type=\"text\" name=\"your-name\" \/><\/span>\n<\/p>\n<p><span class=\"wpcf7-form-control-wrap\" data-name=\"your-email\"><input size=\"40\" maxlength=\"400\" class=\"wpcf7-form-control wpcf7-email wpcf7-validates-as-required wpcf7-text wpcf7-validates-as-email\" aria-required=\"true\" aria-invalid=\"false\" placeholder=\"Jobb e-mai*\" value=\"\" type=\"email\" name=\"your-email\" \/><\/span>\n<\/p>\n<p><span class=\"wpcf7-form-control-wrap\" data-name=\"phone-number\"><input size=\"40\" class=\"wpcf7-form-control wpcf7-phonetext wpcf7-validates-as-required wpcf7-text wpcf7-validates-as-phonetext\" data-numberonly=\"true\" aria-required=\"true\" aria-invalid=\"false\" placeholder=\"Telefonnummer*\" value=\"\" type=\"text\" name=\"phone-number\" \/><input type=\"hidden\" name=\"phone-number-country-code\" class=\"wpcf7-phonetext-country-code\" \/><\/span>\n<\/p>\n<p><span class=\"wpcf7-form-control-wrap\" data-name=\"current-team-size\"><select class=\"wpcf7-form-control wpcf7-select\" aria-invalid=\"false\" name=\"current-team-size\"><option value=\"Hur stort \u00e4r ditt nuvarande utvecklingsteam?\">Hur stort \u00e4r ditt nuvarande utvecklingsteam?<\/option><option value=\"Jag har inget utvecklingsteam\">Jag har inget utvecklingsteam<\/option><option value=\"Mellan 1 och 20 ingenj\u00f6rer\">Mellan 1 och 20 ingenj\u00f6rer<\/option><option value=\"Mellan 21 och 50 ingenj\u00f6rer\">Mellan 21 och 50 ingenj\u00f6rer<\/option><option value=\"Fr\u00e5n 51 till 100 ingenj\u00f6rer\">Fr\u00e5n 51 till 100 ingenj\u00f6rer<\/option><option value=\"101-500 ingenj\u00f6rer\">101-500 ingenj\u00f6rer<\/option><option value=\"500+ ingenj\u00f6rer\">500+ ingenj\u00f6rer<\/option><\/select><\/span>\n<\/p>\n<p><span class=\"wpcf7-form-control-wrap\" data-name=\"required-team-size\"><select class=\"wpcf7-form-control wpcf7-select\" aria-invalid=\"false\" name=\"required-team-size\"><option value=\"Vilken storlek p\u00e5 teamet skulle du vilja ha?\">Vilken storlek p\u00e5 teamet skulle du vilja ha?<\/option><option value=\"Mellan 1 och 20 ingenj\u00f6rer\">Mellan 1 och 20 ingenj\u00f6rer<\/option><option value=\"Mellan 21 och 50 ingenj\u00f6rer\">Mellan 21 och 50 ingenj\u00f6rer<\/option><option value=\"Fr\u00e5n 51 till 100 ingenj\u00f6rer\">Fr\u00e5n 51 till 100 ingenj\u00f6rer<\/option><option value=\"101-500 ingenj\u00f6rer\">101-500 ingenj\u00f6rer<\/option><option value=\"500+ ingenj\u00f6rer\">500+ ingenj\u00f6rer<\/option><option value=\"Jag vet inte \u00e4nnu.\">Jag vet inte \u00e4nnu.<\/option><\/select><\/span>\n<\/p>\n<p><span class=\"wpcf7-form-control-wrap\" data-name=\"message\"><textarea cols=\"40\" rows=\"10\" maxlength=\"2000\" class=\"wpcf7-form-control wpcf7-textarea\" aria-invalid=\"false\" placeholder=\"Meddelande*\" name=\"message\"><\/textarea><\/span>\n<\/p>\n<div class=\"recaptcha\">\n\n<\/div>\n<p><span class=\"togive\"><label>Genom att l\u00e4mna dina uppgifter samtycker du till att f\u00e5 meddelanden via e-post. Du kan n\u00e4r som helst avbryta din anm\u00e4lan. Vi kommer aldrig att s\u00e4lja dina uppgifter.<\/label><button type=\"submit\" value=\"Send now\" class=\"wpcf7-form-control has-spinner wpcf7-submit\">Skicka in<i class=\"vc_btn3-icon fas fa-arrow-right\"><\/i><\/button><\/span>\n<\/p><div class=\"wpcf7-response-output\" aria-hidden=\"true\"><\/div>\n<\/form>\n<\/div>\n[\/vc_column_text][\/vc_column][\/vc_row][vc_row el_class=&#8221;service-benefits&#8221;][vc_column el_class=&#8221;position-static&#8221;][vc_custom_heading text=&#8221;V\u00e5ra anl\u00e4ggningar&#8221; font_container=&#8221;tag:h2|text_align:center|color:%23f26f67&#8243; use_theme_fonts=&#8221;yes&#8221; el_class=&#8221;section-title textleft&#8221;][\/vc_column][\/vc_row][vc_row el_class=&#8221;loc-row d-flex flex-column-reverse d-md-block&#8221;][vc_column width=&#8221;1\/2&#8243;][vc_column_text]<\/p>\n<div class=\"row\">\n<div class=\"col-6 address-block\">\n<div class=\"counter-block france\">United Kingdom<br \/>\n<label>81 Rivington St,<br \/>\nLondon, EC2A 3AY<br \/>\n<a href=\"tel:+44 20 4571 7819\">+44 20 4571 7819<\/a><\/label><\/div>\n<\/div>\n<div class=\"col-6 address-block\">\n<div class=\"counter-block greece\">Sweden<br \/>\n<label>Stora Varvsgatan<br \/>\n6A, 211 19 Malm\u00f6<br \/>\n<a href=\"tel:+46 40 668 89 83\">+46 40 668 89 83<\/a><br \/>\n<\/label><\/div>\n<\/div>\n<\/div>\n<div class=\"row\">\n<div class=\"col-6 address-block\">\n<div class=\"counter-block india\">Denmark<br \/>\n<label>Danneskiold-Sams\u00f8es All\u00e9 41,<br \/>\n1434 K\u00f8benhavn<br \/>\n<a href=\"tel:+45 89 88 54 19\">+45 89 88 54 19<\/a><br \/>\n<\/label><\/div>\n<\/div>\n<div class=\"col-6 address-block\">\n<div class=\"counter-block sweden\">India<br \/>\n<label>Unit &#8211; 801 &amp; 802, One International Center Prabhadevi, Mumbai 400013<\/label><\/div>\n<\/div>\n<\/div>\n<p>[\/vc_column_text][\/vc_column][vc_column width=&#8221;1\/2&#8243; el_class=&#8221;map-container&#8221;][vc_single_image image=&#8221;643&#8243; img_size=&#8221;full&#8221; el_class=&#8221;map-image&#8221;][vc_column_text el_class=&#8221;map-pin-container&#8221;]<\/p>\n<div class=\"map-location-pointer\">\n<ul>\n<li class=\"loc1\"><span class=\"icon\"><img decoding=\"async\" src=\"\/wp-content\/uploads\/2022\/05\/pointer-icon-g.png\" \/><\/span>\n<div class=\"addres-content\">\n<h4>Sweden<\/h4>\n<p>Stora Varvsgatan<br \/>\n6A, 211 19 Malm\u00f6<\/p>\n<\/div>\n<\/li>\n<li class=\"loc2\"><span class=\"icon\"><img decoding=\"async\" src=\"\/wp-content\/uploads\/2022\/05\/pointer-icon-g.png\" \/><\/span>\n<div class=\"addres-content\">\n<h4>United Kingdom<\/h4>\n<p>81 Rivington St, London, EC2A 3AY<\/p>\n<\/div>\n<\/li>\n<li class=\"loc3\"><span class=\"icon\"><img decoding=\"async\" src=\"\/wp-content\/uploads\/2022\/05\/pointer-icon-g.png\" \/><\/span>\n<div class=\"addres-content\">\n<h4>Denmark<\/h4>\n<p>Danneskiold-Sams\u00f8es All\u00e9 41,<br \/>\n1434 K\u00f8benhavn<\/p>\n<\/div>\n<\/li>\n<li class=\"loc4\"><span class=\"icon\"><img decoding=\"async\" src=\"\/wp-content\/uploads\/2022\/05\/pointer-icon-g.png\" \/><\/span>\n<div class=\"addres-content\">\n<h4>India<\/h4>\n<p>Unit &#8211; 801 &amp; 802, 8th Floor,<br \/>\nOne International Center<br \/>\nPrabhadevi, Mumbai 400013<\/p>\n<\/div>\n<\/li>\n<\/ul>\n<\/div>\n<p>[\/vc_column_text][\/vc_column][\/vc_row][vc_row full_width=&#8221;stretch_row&#8221; css_animation=&#8221;fadeIn&#8221; disable_element=&#8221;yes&#8221; css=&#8221;.vc_custom_1662321550999{background-image: url(https:\/\/liveprojects.co.in\/weassemble\/wp-content\/uploads\/2022\/05\/map-bg-object.png?id=643) !important;}&#8221; el_class=&#8221;featured-post-slider map-info-section loc-row&#8221;][vc_column width=&#8221;1\/2&#8243; el_class=&#8221;featured-case location-case&#8221;][vc_column_text el_class=&#8221;hide-desktop&#8221;]<\/p>\n<div class=\"map-location-pointer\">\n<ul>\n<li class=\"loc1\"><span class=\"icon\"><img decoding=\"async\" src=\"https:\/\/liveprojects.co.in\/weassemble\/wp-content\/uploads\/2022\/07\/Red-Placeholder.png\" \/><\/span>\n<div class=\"addres-content d-none\">\n<h4>Sweden<\/h4>\n<p>Rosenbad 4<br \/>\nSE-103 33 Stockholm<\/p>\n<\/div>\n<\/li>\n<li class=\"loc2\"><span class=\"icon\"><img decoding=\"async\" src=\"https:\/\/liveprojects.co.in\/weassemble\/wp-content\/uploads\/2022\/07\/Red-Placeholder.png\" \/><\/span>\n<div class=\"addres-content d-none\">\n<h4>France<\/h4>\n<p>Depardieu 4<br \/>\nSE-103 33 Athens<\/p>\n<\/div>\n<\/li>\n<li class=\"loc3\"><span class=\"icon\"><img decoding=\"async\" src=\"https:\/\/liveprojects.co.in\/weassemble\/wp-content\/uploads\/2022\/07\/Red-Placeholder.png\" \/><\/span>\n<div class=\"addres-content d-none\">\n<h4>Greece<\/h4>\n<p>Rosenbad 4<br \/>\nSE-103 33 Paris<\/p>\n<\/div>\n<\/li>\n<li class=\"loc4\"><span class=\"icon\"><img decoding=\"async\" src=\"https:\/\/liveprojects.co.in\/weassemble\/wp-content\/uploads\/2022\/07\/Red-Placeholder.png\" \/><\/span>\n<div class=\"addres-content d-none\">\n<h4>India<\/h4>\n<p>Rosenbad 4<br \/>\nSE-103 33 New Delhi<\/p>\n<\/div>\n<\/li>\n<\/ul>\n<\/div>\n<p>[\/vc_column_text][vc_column_text]<\/p>\n<div class=\"row\">\n<div class=\"col-sm-6 address-block\">\n<div class=\"counter-block france\">United Kingdom<br \/>\n<label>81 Rivington St,<br \/>\nLondon, EC2A 3AY<br \/>\n<a href=\"tel:+44 20 4571 7819\">+44 20 4571 7819<\/a><\/label><\/div>\n<\/div>\n<div class=\"col-sm-6 address-block\">\n<div class=\"counter-block greece\">Sweden<br \/>\n<label>Stora Varvsgatan<br \/>\n6A, 211 19 Malm\u00f6<br \/>\n<a href=\"tel:+46 40 668 89 83\">+46 40 668 89 83<\/a><br \/>\n<\/label><\/div>\n<\/div>\n<\/div>\n<div class=\"row\">\n<div class=\"col-sm-6 address-block\">\n<div class=\"counter-block india\">Denmark<br \/>\n<label>Danneskiold-Sams\u00f8es All\u00e9 41,<br \/>\n1434 K\u00f8benhavn<br \/>\n<a href=\"tel:+45 89 88 54 19\">+45 89 88 54 19<\/a><br \/>\n<\/label><\/div>\n<\/div>\n<div class=\"col-sm-6 address-block\">\n<div class=\"counter-block sweden\">India<br \/>\n<label>278\/280, G K Marg<br \/>\nLower Parel, Mumbai 400013<\/label><\/div>\n<\/div>\n<\/div>\n<p>[\/vc_column_text][\/vc_column][vc_column width=&#8221;1\/2&#8243; el_class=&#8221;post-featured-slider location-hide&#8221;][vc_column_text]<\/p>\n<div class=\"map-location-pointer\">\n<ul>\n<li class=\"loc1\"><span id=\"sweden\" class=\"icon\"><img decoding=\"async\" src=\"https:\/\/liveprojects.co.in\/weassemble\/wp-content\/uploads\/2022\/07\/Red-Placeholder.png\" \/><\/span>\n<div class=\"addres-content d-none\">\n<h4>Sweden<\/h4>\n<p>Rosenbad 4<br \/>\nSE-103 33 Stockholm<\/p>\n<\/div>\n<\/li>\n<li class=\"loc2\"><span id=\"france\" class=\"icon\"><img decoding=\"async\" src=\"https:\/\/liveprojects.co.in\/weassemble\/wp-content\/uploads\/2022\/07\/Red-Placeholder.png\" \/><\/span>\n<div class=\"addres-content d-none\">\n<h4>France<\/h4>\n<p>Depardieu 4<br \/>\nSE-103 33 Athens<\/p>\n<\/div>\n<\/li>\n<li class=\"loc3\"><span id=\"greece\" class=\"icon\"><img decoding=\"async\" src=\"https:\/\/liveprojects.co.in\/weassemble\/wp-content\/uploads\/2022\/07\/Red-Placeholder.png\" \/><\/span>\n<div class=\"addres-content d-none\">\n<h4>Greece<\/h4>\n<p>Rosenbad 4<br \/>\nSE-103 33 Paris<\/p>\n<\/div>\n<\/li>\n<li class=\"loc4\"><span id=\"india\" class=\"icon\"><img decoding=\"async\" src=\"https:\/\/liveprojects.co.in\/weassemble\/wp-content\/uploads\/2022\/07\/Red-Placeholder.png\" \/><\/span>\n<div class=\"addres-content d-none\">\n<h4>India<\/h4>\n<p>Rosenbad 4<br \/>\nSE-103 33 New Delhi<\/p>\n<\/div>\n<\/li>\n<\/ul>\n<\/div>\n<p>[\/vc_column_text][\/vc_column][\/vc_row]<\/p>\n","protected":false},"excerpt":{"rendered":"<p>[vc_row full_width=&#8221;stretch_row&#8221; css_animation=&#8221;fadeIn&#8221; css=&#8221;.vc_custom_1658129364225{background-color: #6eb1dc !important;background-position: center !important;background-repeat: no-repeat !important;background-size: cover !important;}&#8221; el_class=&#8221;blog_header services_header contact_header&#8221;][vc_column][vc_custom_heading text=&#8221;Kontakta Oss&#8221; font_container=&#8221;tag:h1|text_align:center&#8221; use_theme_fonts=&#8221;yes&#8221;][vc_column_text] Vi har satt ihop allt du beh\u00f6ver f\u00f6r att komma i kontakt med oss. [\/vc_column_text][\/vc_column][\/vc_row][vc_row css_animation=&#8221;fadeInUp&#8221; el_class=&#8221;featured-post-slider offshore-development contact-assemble&#8221;][vc_column width=&#8221;1\/2&#8243; el_class=&#8221;contact-green&#8221;][vc_custom_heading text=&#8221;L\u00e5t oss samlas ditt offshore-utvecklingsteam&#8221; use_theme_fonts=&#8221;yes&#8221; el_class=&#8221;section-title&#8221;][vc_column_text el_class=&#8221;home-text-block&#8221; css=&#8221;.vc_custom_1702286185516{padding-top: 11px !important;}&#8221; el_id=&#8221;sv-form-desc&#8221;] Fyll i formul\u00e4ret &#8230;<\/p>\n","protected":false},"author":2,"featured_media":0,"parent":0,"menu_order":0,"comment_status":"closed","ping_status":"closed","template":"","meta":{"inline_featured_image":false,"footnotes":""},"class_list":["post-3444","page","type-page","status-publish","hentry"],"rttpg_featured_image_url":null,"rttpg_author":{"display_name":"Hannah Taylor","author_link":"https:\/\/weassemble.team\/sv\/blog\/author\/jonathan-livingston\/"},"rttpg_comment":0,"rttpg_category":null,"rttpg_excerpt":"[vc_row full_width=&#8221;stretch_row&#8221; css_animation=&#8221;fadeIn&#8221; css=&#8221;.vc_custom_1658129364225{background-color: #6eb1dc !important;background-position: center !important;background-repeat: no-repeat !important;background-size: cover !important;}&#8221; el_class=&#8221;blog_header services_header contact_header&#8221;][vc_column][vc_custom_heading text=&#8221;Kontakta Oss&#8221; font_container=&#8221;tag:h1|text_align:center&#8221; use_theme_fonts=&#8221;yes&#8221;][vc_column_text] Vi har satt ihop allt du beh\u00f6ver f\u00f6r att komma i kontakt med oss. [\/vc_column_text][\/vc_column][\/vc_row][vc_row css_animation=&#8221;fadeInUp&#8221; el_class=&#8221;featured-post-slider offshore-development contact-assemble&#8221;][vc_column width=&#8221;1\/2&#8243; el_class=&#8221;contact-green&#8221;][vc_custom_heading text=&#8221;L\u00e5t oss samlas ditt offshore-utvecklingsteam&#8221; use_theme_fonts=&#8221;yes&#8221; el_class=&#8221;section-title&#8221;][vc_column_text el_class=&#8221;home-text-block&#8221; css=&#8221;.vc_custom_1702286185516{padding-top: 11px !important;}&#8221; el_id=&#8221;sv-form-desc&#8221;] Fyll i formul\u00e4ret&hellip;","_links":{"self":[{"href":"https:\/\/weassemble.team\/sv\/wp-json\/wp\/v2\/pages\/3444","targetHints":{"allow":["GET"]}}],"collection":[{"href":"https:\/\/weassemble.team\/sv\/wp-json\/wp\/v2\/pages"}],"about":[{"href":"https:\/\/weassemble.team\/sv\/wp-json\/wp\/v2\/types\/page"}],"author":[{"embeddable":true,"href":"https:\/\/weassemble.team\/sv\/wp-json\/wp\/v2\/users\/2"}],"replies":[{"embeddable":true,"href":"https:\/\/weassemble.team\/sv\/wp-json\/wp\/v2\/comments?post=3444"}],"version-history":[{"count":16,"href":"https:\/\/weassemble.team\/sv\/wp-json\/wp\/v2\/pages\/3444\/revisions"}],"predecessor-version":[{"id":9483,"href":"https:\/\/weassemble.team\/sv\/wp-json\/wp\/v2\/pages\/3444\/revisions\/9483"}],"wp:attachment":[{"href":"https:\/\/weassemble.team\/sv\/wp-json\/wp\/v2\/media?parent=3444"}],"curies":[{"name":"wp","href":"https:\/\/api.w.org\/{rel}","templated":true}]}}